{"id":167,"date":"2018-03-04T04:37:52","date_gmt":"2018-03-04T04:37:52","guid":{"rendered":"http:\/\/eldigitaldeasturias.com\/radio\/?page_id=167"},"modified":"2018-03-04T04:37:52","modified_gmt":"2018-03-04T04:37:52","slug":"politica-de-cookies","status":"publish","type":"page","link":"https:\/\/eldigitaldeasturias.com\/radio\/politica-de-cookies\/","title":{"rendered":"Pol\u00edtica de Cookies"},"content":{"rendered":"<p>Las \u201ccookies\u201d son segmentos de datos que se descargan en los dispositivos al acceder a determinadas p\u00e1ginas web para almacenar y recuperar informaci\u00f3n sobre los h\u00e1bitos de navegaci\u00f3n del usuario o de su equipo y, dependiendo de la informaci\u00f3n que contengan y de la forma en que aqu\u00e9l utilice su equipo, pueden emplearse para reconocer al usuario, consiguiendo una mayor personalizaci\u00f3n y an\u00e1lisis sobre el comportamiento del mismo.<\/p>\n<p>Tratamiento de cookies en la web eldigitaldeasturias.com.<\/p>\n<p>Desactivaci\u00f3n de cookies<\/p>\n<p>El usuario puede deshabilitar las cookies modificando al efecto la configuraci\u00f3n de su navegador, en cuyo caso puede suceder que la web no funcione correctamente. Para ello puede seguir las instrucciones que especifica cada navegador:<\/p>\n<p><img decoding=\"async\" class=\"alignleft size-full wp-image-781234\" src=\"http:\/\/www.eldigitaldeasturias.com\/noticias\/wp-content\/uploads\/2015\/05\/navegadores.jpg\" alt=\"navegadores\" width=\"281\" height=\"83\" \/><\/p>\n<p>&nbsp;<\/p>\n<p>&nbsp;<\/p>\n<p>&nbsp;<\/p>\n<p>Se entender\u00e1 que el usuario acepta la utilizaci\u00f3n de las cookies si contin\u00faa navegando por esta p\u00e1gina web sin proceder previamente a la desactivaci\u00f3n de las mismas.<\/p>\n","protected":false},"excerpt":{"rendered":"<p>Las \u201ccookies\u201d son segmentos de datos que se descargan en los dispositivos al acceder a determinadas p\u00e1ginas web para almacenar y recuperar informaci\u00f3n sobre los h\u00e1bitos de navegaci\u00f3n del usuario o de su equipo y, dependiendo de la informaci\u00f3n que contengan y de la forma en que aqu\u00e9l utilice su equipo, pueden emplearse para reconocer<\/p>\n","protected":false},"author":1,"featured_media":0,"parent":0,"menu_order":0,"comment_status":"closed","ping_status":"closed","template":"","meta":{"footnotes":""},"class_list":["post-167","page","type-page","status-publish"],"aioseo_notices":[],"aioseo_head":"\n\t\t<!-- All in One SEO Pro 4.9.5.2 - aioseo.com -->\n\t<meta name=\"description\" content=\"Las \u201ccookies\u201d son segmentos de datos que se descargan en los dispositivos al acceder a determinadas p\u00e1ginas web para almacenar y recuperar informaci\u00f3n sobre los h\u00e1bitos de navegaci\u00f3n del usuario o de su equipo y, dependiendo de la informaci\u00f3n que contengan y de la forma en que aqu\u00e9l utilice su equipo, pueden emplearse para reconocer\" \/>\n\t<meta name=\"robots\" content=\"max-image-preview:large\" \/>\n\t<meta name=\"google-site-verification\" content=\"UA-38556648-1\" \/>\n\t<link rel=\"canonical\" href=\"https:\/\/eldigitaldeasturias.com\/radio\/politica-de-cookies\/\" \/>\n\t<meta name=\"generator\" content=\"All in One SEO Pro (AIOSEO) 4.9.5.2\" \/>\n\t\t<meta property=\"og:locale\" content=\"es_ES\" \/>\n\t\t<meta property=\"og:site_name\" content=\"El Digital de Asturias | Diario de informaci\u00f3n y noticias\" \/>\n\t\t<meta property=\"og:type\" content=\"article\" \/>\n\t\t<meta property=\"og:title\" content=\"Pol\u00edtica de Cookies | El Digital de Asturias\" \/>\n\t\t<meta property=\"og:description\" content=\"Las \u201ccookies\u201d son segmentos de datos que se descargan en los dispositivos al acceder a determinadas p\u00e1ginas web para almacenar y recuperar informaci\u00f3n sobre los h\u00e1bitos de navegaci\u00f3n del usuario o de su equipo y, dependiendo de la informaci\u00f3n que contengan y de la forma en que aqu\u00e9l utilice su equipo, pueden emplearse para reconocer\" \/>\n\t\t<meta property=\"og:url\" content=\"https:\/\/eldigitaldeasturias.com\/radio\/politica-de-cookies\/\" \/>\n\t\t<meta property=\"og:image\" content=\"https:\/\/www.eldigitaldeasturias.com\/radio\/wp-content\/uploads\/2021\/03\/EDA.jpg\" \/>\n\t\t<meta property=\"og:image:secure_url\" content=\"https:\/\/www.eldigitaldeasturias.com\/radio\/wp-content\/uploads\/2021\/03\/EDA.jpg\" \/>\n\t\t<meta property=\"article:published_time\" content=\"2018-03-04T04:37:52+00:00\" \/>\n\t\t<meta property=\"article:modified_time\" content=\"2018-03-04T04:37:52+00:00\" \/>\n\t\t<meta name=\"twitter:card\" content=\"summary_large_image\" \/>\n\t\t<meta name=\"twitter:site\" content=\"@bercodi\" \/>\n\t\t<meta name=\"twitter:title\" content=\"Pol\u00edtica de Cookies | El Digital de Asturias\" \/>\n\t\t<meta name=\"twitter:description\" content=\"Las \u201ccookies\u201d son segmentos de datos que se descargan en los dispositivos al acceder a determinadas p\u00e1ginas web para almacenar y recuperar informaci\u00f3n sobre los h\u00e1bitos de navegaci\u00f3n del usuario o de su equipo y, dependiendo de la informaci\u00f3n que contengan y de la forma en que aqu\u00e9l utilice su equipo, pueden emplearse para reconocer\" \/>\n\t\t<meta name=\"twitter:creator\" content=\"@bercodi\" \/>\n\t\t<meta name=\"twitter:image\" content=\"https:\/\/www.eldigitaldeasturias.com\/radio\/wp-content\/uploads\/2021\/03\/EDA.jpg\" \/>\n\t\t<script type=\"application\/ld+json\" class=\"aioseo-schema\">\n\t\t\t{\"@context\":\"https:\\\/\\\/schema.org\",\"@graph\":[{\"@type\":\"BreadcrumbList\",\"@id\":\"https:\\\/\\\/eldigitaldeasturias.com\\\/radio\\\/politica-de-cookies\\\/#breadcrumblist\",\"itemListElement\":[{\"@type\":\"ListItem\",\"@id\":\"https:\\\/\\\/eldigitaldeasturias.com\\\/radio#listItem\",\"position\":1,\"name\":\"Inicio\",\"item\":\"https:\\\/\\\/eldigitaldeasturias.com\\\/radio\",\"nextItem\":{\"@type\":\"ListItem\",\"@id\":\"https:\\\/\\\/eldigitaldeasturias.com\\\/radio\\\/politica-de-cookies\\\/#listItem\",\"name\":\"Pol\\u00edtica de Cookies\"}},{\"@type\":\"ListItem\",\"@id\":\"https:\\\/\\\/eldigitaldeasturias.com\\\/radio\\\/politica-de-cookies\\\/#listItem\",\"position\":2,\"name\":\"Pol\\u00edtica de Cookies\",\"previousItem\":{\"@type\":\"ListItem\",\"@id\":\"https:\\\/\\\/eldigitaldeasturias.com\\\/radio#listItem\",\"name\":\"Inicio\"}}]},{\"@type\":\"Organization\",\"@id\":\"https:\\\/\\\/eldigitaldeasturias.com\\\/radio\\\/#organization\",\"name\":\"El digital de Asturias Radio\",\"description\":\"Diario de informaci\\u00f3n y noticias\",\"url\":\"https:\\\/\\\/eldigitaldeasturias.com\\\/radio\\\/\",\"telephone\":\"+34652131393\",\"logo\":{\"@type\":\"ImageObject\",\"url\":\"https:\\\/\\\/www.eldigitaldeasturias.com\\\/radio\\\/wp-content\\\/uploads\\\/2021\\\/03\\\/EDA.jpg\",\"@id\":\"https:\\\/\\\/eldigitaldeasturias.com\\\/radio\\\/politica-de-cookies\\\/#organizationLogo\"},\"image\":{\"@id\":\"https:\\\/\\\/eldigitaldeasturias.com\\\/radio\\\/politica-de-cookies\\\/#organizationLogo\"},\"sameAs\":[\"https:\\\/\\\/www.facebook.com\\\/\",\"https:\\\/\\\/x.com\\\/bercodi\",\"https:\\\/\\\/www.instagram.com\\\/\",\"https:\\\/\\\/www.youtube.com\\\/channel\\\/UCZP-2wLEB9Rv6erhFmqVnvg\"]},{\"@type\":\"WebPage\",\"@id\":\"https:\\\/\\\/eldigitaldeasturias.com\\\/radio\\\/politica-de-cookies\\\/#webpage\",\"url\":\"https:\\\/\\\/eldigitaldeasturias.com\\\/radio\\\/politica-de-cookies\\\/\",\"name\":\"Pol\\u00edtica de Cookies | El Digital de Asturias\",\"description\":\"Las \\u201ccookies\\u201d son segmentos de datos que se descargan en los dispositivos al acceder a determinadas p\\u00e1ginas web para almacenar y recuperar informaci\\u00f3n sobre los h\\u00e1bitos de navegaci\\u00f3n del usuario o de su equipo y, dependiendo de la informaci\\u00f3n que contengan y de la forma en que aqu\\u00e9l utilice su equipo, pueden emplearse para reconocer\",\"inLanguage\":\"es-ES\",\"isPartOf\":{\"@id\":\"https:\\\/\\\/eldigitaldeasturias.com\\\/radio\\\/#website\"},\"breadcrumb\":{\"@id\":\"https:\\\/\\\/eldigitaldeasturias.com\\\/radio\\\/politica-de-cookies\\\/#breadcrumblist\"},\"datePublished\":\"2018-03-04T04:37:52+01:00\",\"dateModified\":\"2018-03-04T04:37:52+01:00\"},{\"@type\":\"WebSite\",\"@id\":\"https:\\\/\\\/eldigitaldeasturias.com\\\/radio\\\/#website\",\"url\":\"https:\\\/\\\/eldigitaldeasturias.com\\\/radio\\\/\",\"name\":\"El Digital de Asturias\",\"description\":\"Diario de informaci\\u00f3n y noticias\",\"inLanguage\":\"es-ES\",\"publisher\":{\"@id\":\"https:\\\/\\\/eldigitaldeasturias.com\\\/radio\\\/#organization\"}}]}\n\t\t<\/script>\n\t\t<!-- All in One SEO Pro -->\r\n\t\t<title>Pol\u00edtica de Cookies | El Digital de Asturias<\/title>\n\n","aioseo_head_json":{"title":"Pol\u00edtica de Cookies | El Digital de Asturias","description":"Las \u201ccookies\u201d son segmentos de datos que se descargan en los dispositivos al acceder a determinadas p\u00e1ginas web para almacenar y recuperar informaci\u00f3n sobre los h\u00e1bitos de navegaci\u00f3n del usuario o de su equipo y, dependiendo de la informaci\u00f3n que contengan y de la forma en que aqu\u00e9l utilice su equipo, pueden emplearse para reconocer","canonical_url":"https:\/\/eldigitaldeasturias.com\/radio\/politica-de-cookies\/","robots":"max-image-preview:large","keywords":"","webmasterTools":{"google-site-verification":"UA-38556648-1","miscellaneous":""},"schema":{"@context":"https:\/\/schema.org","@graph":[{"@type":"BreadcrumbList","@id":"https:\/\/eldigitaldeasturias.com\/radio\/politica-de-cookies\/#breadcrumblist","itemListElement":[{"@type":"ListItem","@id":"https:\/\/eldigitaldeasturias.com\/radio#listItem","position":1,"name":"Inicio","item":"https:\/\/eldigitaldeasturias.com\/radio","nextItem":{"@type":"ListItem","@id":"https:\/\/eldigitaldeasturias.com\/radio\/politica-de-cookies\/#listItem","name":"Pol\u00edtica de Cookies"}},{"@type":"ListItem","@id":"https:\/\/eldigitaldeasturias.com\/radio\/politica-de-cookies\/#listItem","position":2,"name":"Pol\u00edtica de Cookies","previousItem":{"@type":"ListItem","@id":"https:\/\/eldigitaldeasturias.com\/radio#listItem","name":"Inicio"}}]},{"@type":"Organization","@id":"https:\/\/eldigitaldeasturias.com\/radio\/#organization","name":"El digital de Asturias Radio","description":"Diario de informaci\u00f3n y noticias","url":"https:\/\/eldigitaldeasturias.com\/radio\/","telephone":"+34652131393","logo":{"@type":"ImageObject","url":"https:\/\/www.eldigitaldeasturias.com\/radio\/wp-content\/uploads\/2021\/03\/EDA.jpg","@id":"https:\/\/eldigitaldeasturias.com\/radio\/politica-de-cookies\/#organizationLogo"},"image":{"@id":"https:\/\/eldigitaldeasturias.com\/radio\/politica-de-cookies\/#organizationLogo"},"sameAs":["https:\/\/www.facebook.com\/","https:\/\/x.com\/bercodi","https:\/\/www.instagram.com\/","https:\/\/www.youtube.com\/channel\/UCZP-2wLEB9Rv6erhFmqVnvg"]},{"@type":"WebPage","@id":"https:\/\/eldigitaldeasturias.com\/radio\/politica-de-cookies\/#webpage","url":"https:\/\/eldigitaldeasturias.com\/radio\/politica-de-cookies\/","name":"Pol\u00edtica de Cookies | El Digital de Asturias","description":"Las \u201ccookies\u201d son segmentos de datos que se descargan en los dispositivos al acceder a determinadas p\u00e1ginas web para almacenar y recuperar informaci\u00f3n sobre los h\u00e1bitos de navegaci\u00f3n del usuario o de su equipo y, dependiendo de la informaci\u00f3n que contengan y de la forma en que aqu\u00e9l utilice su equipo, pueden emplearse para reconocer","inLanguage":"es-ES","isPartOf":{"@id":"https:\/\/eldigitaldeasturias.com\/radio\/#website"},"breadcrumb":{"@id":"https:\/\/eldigitaldeasturias.com\/radio\/politica-de-cookies\/#breadcrumblist"},"datePublished":"2018-03-04T04:37:52+01:00","dateModified":"2018-03-04T04:37:52+01:00"},{"@type":"WebSite","@id":"https:\/\/eldigitaldeasturias.com\/radio\/#website","url":"https:\/\/eldigitaldeasturias.com\/radio\/","name":"El Digital de Asturias","description":"Diario de informaci\u00f3n y noticias","inLanguage":"es-ES","publisher":{"@id":"https:\/\/eldigitaldeasturias.com\/radio\/#organization"}}]},"og:locale":"es_ES","og:site_name":"El Digital de Asturias | Diario de informaci\u00f3n y noticias","og:type":"article","og:title":"Pol\u00edtica de Cookies | El Digital de Asturias","og:description":"Las \u201ccookies\u201d son segmentos de datos que se descargan en los dispositivos al acceder a determinadas p\u00e1ginas web para almacenar y recuperar informaci\u00f3n sobre los h\u00e1bitos de navegaci\u00f3n del usuario o de su equipo y, dependiendo de la informaci\u00f3n que contengan y de la forma en que aqu\u00e9l utilice su equipo, pueden emplearse para reconocer","og:url":"https:\/\/eldigitaldeasturias.com\/radio\/politica-de-cookies\/","og:image":"https:\/\/www.eldigitaldeasturias.com\/radio\/wp-content\/uploads\/2021\/03\/EDA.jpg","og:image:secure_url":"https:\/\/www.eldigitaldeasturias.com\/radio\/wp-content\/uploads\/2021\/03\/EDA.jpg","article:published_time":"2018-03-04T04:37:52+00:00","article:modified_time":"2018-03-04T04:37:52+00:00","twitter:card":"summary_large_image","twitter:site":"@bercodi","twitter:title":"Pol\u00edtica de Cookies | El Digital de Asturias","twitter:description":"Las \u201ccookies\u201d son segmentos de datos que se descargan en los dispositivos al acceder a determinadas p\u00e1ginas web para almacenar y recuperar informaci\u00f3n sobre los h\u00e1bitos de navegaci\u00f3n del usuario o de su equipo y, dependiendo de la informaci\u00f3n que contengan y de la forma en que aqu\u00e9l utilice su equipo, pueden emplearse para reconocer","twitter:creator":"@bercodi","twitter:image":"https:\/\/www.eldigitaldeasturias.com\/radio\/wp-content\/uploads\/2021\/03\/EDA.jpg"},"aioseo_meta_data":{"post_id":"167","title":null,"description":null,"keywords":null,"keyphrases":null,"primary_term":null,"canonical_url":null,"og_title":null,"og_description":null,"og_object_type":"default","og_image_type":"default","og_image_url":null,"og_image_width":null,"og_image_height":null,"og_image_custom_url":null,"og_image_custom_fields":null,"og_video":null,"og_custom_url":null,"og_article_section":null,"og_article_tags":null,"twitter_use_og":false,"twitter_card":"default","twitter_image_type":"default","twitter_image_url":null,"twitter_image_custom_url":null,"twitter_image_custom_fields":null,"twitter_title":null,"twitter_description":null,"schema":{"blockGraphs":[],"customGraphs":[],"default":{"data":{"Article":[],"Course":[],"Dataset":[],"FAQPage":[],"Movie":[],"Person":[],"Product":[],"ProductReview":[],"Car":[],"Recipe":[],"Service":[],"SoftwareApplication":[],"WebPage":[]},"graphName":"","isEnabled":true},"graphs":[],"defaultGraph":"","defaultPostTypeGraph":""},"schema_type":null,"schema_type_options":null,"pillar_content":false,"robots_default":true,"robots_noindex":false,"robots_noarchive":false,"robots_nosnippet":false,"robots_nofollow":false,"robots_noimageindex":false,"robots_noodp":false,"robots_notranslate":false,"robots_max_snippet":null,"robots_max_videopreview":null,"robots_max_imagepreview":"large","priority":null,"frequency":null,"location":null,"local_seo":null,"seo_analyzer_scan_date":"2025-08-29 00:59:43","breadcrumb_settings":null,"limit_modified_date":false,"open_ai":null,"ai":null,"created":"2021-03-25 10:24:20","updated":"2025-08-29 00:59:43"},"aioseo_breadcrumb":"<div class=\"aioseo-breadcrumbs\"><span class=\"aioseo-breadcrumb\">\n\t<a href=\"https:\/\/eldigitaldeasturias.com\/radio\" title=\"Inicio\">Inicio<\/a>\n<\/span><span class=\"aioseo-breadcrumb-separator\">&ndash;<\/span><span class=\"aioseo-breadcrumb\">\n\tPol\u00edtica de Cookies\n<\/span><\/div>","aioseo_breadcrumb_json":[{"label":"Inicio","link":"https:\/\/eldigitaldeasturias.com\/radio"},{"label":"Pol\u00edtica de Cookies","link":"https:\/\/eldigitaldeasturias.com\/radio\/politica-de-cookies\/"}],"_links":{"self":[{"href":"https:\/\/eldigitaldeasturias.com\/radio\/wp-json\/wp\/v2\/pages\/167","targetHints":{"allow":["GET"]}}],"collection":[{"href":"https:\/\/eldigitaldeasturias.com\/radio\/wp-json\/wp\/v2\/pages"}],"about":[{"href":"https:\/\/eldigitaldeasturias.com\/radio\/wp-json\/wp\/v2\/types\/page"}],"author":[{"embeddable":true,"href":"https:\/\/eldigitaldeasturias.com\/radio\/wp-json\/wp\/v2\/users\/1"}],"replies":[{"embeddable":true,"href":"https:\/\/eldigitaldeasturias.com\/radio\/wp-json\/wp\/v2\/comments?post=167"}],"version-history":[{"count":0,"href":"https:\/\/eldigitaldeasturias.com\/radio\/wp-json\/wp\/v2\/pages\/167\/revisions"}],"wp:attachment":[{"href":"https:\/\/eldigitaldeasturias.com\/radio\/wp-json\/wp\/v2\/media?parent=167"}],"curies":[{"name":"wp","href":"https:\/\/api.w.org\/{rel}","templated":true}]}}