{"id":165,"date":"2018-03-04T04:36:47","date_gmt":"2018-03-04T04:36:47","guid":{"rendered":"http:\/\/eldigitaldeasturias.com\/radio\/?page_id=165"},"modified":"2018-03-04T04:36:47","modified_gmt":"2018-03-04T04:36:47","slug":"politica-de-privacidad","status":"publish","type":"page","link":"https:\/\/eldigitaldeasturias.com\/radio\/politica-de-privacidad\/","title":{"rendered":"Pol\u00edtica de Privacidad"},"content":{"rendered":"<p>En cumplimiento de lo dispuesto en la Ley 15\/1.999, del 13 de diciembre, de Protecci\u00f3n de Datos de Car\u00e1cter Personal (en adelante, \u201c<strong>LOPD<\/strong>\u201d) y su normativa de desarrollo, le informamos que los datos que nos facilite con ocasi\u00f3n de su registro en la web eldigitaldeasturias.com (en adelante el \u201c<strong>Portal<\/strong>\u201d), as\u00ed como los derivados de la relaci\u00f3n comercial y\/o entrega de los productos adquiridos a trav\u00e9s del mismo, ser\u00e1n incorporados a un fichero debidamente inscrito en el Registro General de la Agencia Espa\u00f1ola de Protecci\u00f3n de Datos, responsabilidad de\u00a0 Ignacio Fern\u00e1ndez Berm\u00fadez (en adelante \u201celdigitaldeasturias.com\u201d), con N.I.F. 53530119b y domicilio social en\u00a0 Cand\u00e1s \u2013 Principado de Asturias.<\/p>\n<p>Salvo que espec\u00edficamente se establezca lo contrario, todos los datos que le solicitamos en el proceso de registro y los formularios disponibles en\u00a0 eldigitaldeasturias.com son obligatorios, de tal modo que la omisi\u00f3n de alguno de ellos podr\u00eda comportar la imposibilidad de que podamos prestarle los servicios solicitados y\/o atender sus solicitudes. Le rogamos que nos comunique inmediatamente cualquier modificaci\u00f3n de sus datos a fin de que la informaci\u00f3n contenida en nuestros ficheros est\u00e9 en todo momento actualizada y no contenga errores. En este sentido, Usted manifiesta que la informaci\u00f3n y los datos que nos facilita son exactos, actuales\u00a0 y veraces.<\/p>\n<p>Salvo que nos indique lo contrario en la casilla habilitada al efecto durante el proceso de registro, el Usuario otorga su consentimiento expreso para que sus datos puedan ser tratados por eldigitaldeasturias.com con la finalidad de remitirle informaci\u00f3n comercial (incluyendo la newsletter electr\u00f3nica) sobre los productos comercializados por eldigitaldeasturias.com, y sobre las actividades y servicios que desarrolla eldigitaldeasturias.com.<\/p>\n<p>En cualquier momento, Usted podr\u00e1 ejercer el derecho de acceso, rectificaci\u00f3n, cancelaci\u00f3n y oposici\u00f3n, as\u00ed como revocar su consentimiento para el tratamiento comercial de sus datos. Para ello, puede:<\/p>\n<ul>\n<li>enviar una comunicaci\u00f3n escrita a, eldigitaldeasturias.com, adjuntando una fotocopia de su DNI o documento oficial que acredite su identidad.<\/li>\n<li><\/li>\n<li>bien enviar un email a\u00a0usuarios@eldigitaldeasturias.com indicando su Nombre, Apellidos, tel\u00e9fono de contacto y una fotocopia de su DNI o documento oficial que acredite su identidad.<\/li>\n<\/ul>\n<p>Por \u00faltimo, le informamos que eldigitaldeasturias.com tratar\u00e1 sus datos en todo momento de forma absolutamente confidencial y guardando el preceptivo deber de secreto respecto de los mismos, de conformidad con lo previsto en la normativa de aplicaci\u00f3n, adoptando al efecto las medidas de \u00edndole t\u00e9cnica y organizativas necesarias que garanticen la seguridad de sus datos y eviten su alteraci\u00f3n, p\u00e9rdida, tratamiento o acceso no autorizado, habida cuenta del estado de la tecnolog\u00eda, la naturaleza de los datos almacenados y los riesgos a que est\u00e1n expuestos.<\/p>\n","protected":false},"excerpt":{"rendered":"<p>En cumplimiento de lo dispuesto en la Ley 15\/1.999, del 13 de diciembre, de Protecci\u00f3n de Datos de Car\u00e1cter Personal (en adelante, \u201cLOPD\u201d) y su normativa de desarrollo, le informamos que los datos que nos facilite con ocasi\u00f3n de su registro en la web eldigitaldeasturias.com (en adelante el \u201cPortal\u201d), as\u00ed como los derivados de la<\/p>\n","protected":false},"author":1,"featured_media":0,"parent":0,"menu_order":0,"comment_status":"closed","ping_status":"closed","template":"","meta":{"footnotes":""},"class_list":["post-165","page","type-page","status-publish"],"aioseo_notices":[],"aioseo_head":"\n\t\t<!-- All in One SEO Pro 4.9.5.2 - aioseo.com -->\n\t<meta name=\"description\" content=\"En cumplimiento de lo dispuesto en la Ley 15\/1.999, del 13 de diciembre, de Protecci\u00f3n de Datos de Car\u00e1cter Personal (en adelante, \u201cLOPD\u201d) y su normativa de desarrollo, le informamos que los datos que nos facilite con ocasi\u00f3n de su registro en la web eldigitaldeasturias.com (en adelante el \u201cPortal\u201d), as\u00ed como los derivados de la\" \/>\n\t<meta name=\"robots\" content=\"max-image-preview:large\" \/>\n\t<meta name=\"google-site-verification\" content=\"UA-38556648-1\" \/>\n\t<link rel=\"canonical\" href=\"https:\/\/eldigitaldeasturias.com\/radio\/politica-de-privacidad\/\" \/>\n\t<meta name=\"generator\" content=\"All in One SEO Pro (AIOSEO) 4.9.5.2\" \/>\n\t\t<meta property=\"og:locale\" content=\"es_ES\" \/>\n\t\t<meta property=\"og:site_name\" content=\"El Digital de Asturias | Diario de informaci\u00f3n y noticias\" \/>\n\t\t<meta property=\"og:type\" content=\"article\" \/>\n\t\t<meta property=\"og:title\" content=\"Pol\u00edtica de Privacidad | El Digital de Asturias\" \/>\n\t\t<meta property=\"og:description\" content=\"En cumplimiento de lo dispuesto en la Ley 15\/1.999, del 13 de diciembre, de Protecci\u00f3n de Datos de Car\u00e1cter Personal (en adelante, \u201cLOPD\u201d) y su normativa de desarrollo, le informamos que los datos que nos facilite con ocasi\u00f3n de su registro en la web eldigitaldeasturias.com (en adelante el \u201cPortal\u201d), as\u00ed como los derivados de la\" \/>\n\t\t<meta property=\"og:url\" content=\"https:\/\/eldigitaldeasturias.com\/radio\/politica-de-privacidad\/\" \/>\n\t\t<meta property=\"og:image\" content=\"https:\/\/www.eldigitaldeasturias.com\/radio\/wp-content\/uploads\/2021\/03\/EDA.jpg\" \/>\n\t\t<meta property=\"og:image:secure_url\" content=\"https:\/\/www.eldigitaldeasturias.com\/radio\/wp-content\/uploads\/2021\/03\/EDA.jpg\" \/>\n\t\t<meta property=\"article:published_time\" content=\"2018-03-04T04:36:47+00:00\" \/>\n\t\t<meta property=\"article:modified_time\" content=\"2018-03-04T04:36:47+00:00\" \/>\n\t\t<meta name=\"twitter:card\" content=\"summary_large_image\" \/>\n\t\t<meta name=\"twitter:site\" content=\"@bercodi\" \/>\n\t\t<meta name=\"twitter:title\" content=\"Pol\u00edtica de Privacidad | El Digital de Asturias\" \/>\n\t\t<meta name=\"twitter:description\" content=\"En cumplimiento de lo dispuesto en la Ley 15\/1.999, del 13 de diciembre, de Protecci\u00f3n de Datos de Car\u00e1cter Personal (en adelante, \u201cLOPD\u201d) y su normativa de desarrollo, le informamos que los datos que nos facilite con ocasi\u00f3n de su registro en la web eldigitaldeasturias.com (en adelante el \u201cPortal\u201d), as\u00ed como los derivados de la\" \/>\n\t\t<meta name=\"twitter:creator\" content=\"@bercodi\" \/>\n\t\t<meta name=\"twitter:image\" content=\"https:\/\/www.eldigitaldeasturias.com\/radio\/wp-content\/uploads\/2021\/03\/EDA.jpg\" \/>\n\t\t<script type=\"application\/ld+json\" class=\"aioseo-schema\">\n\t\t\t{\"@context\":\"https:\\\/\\\/schema.org\",\"@graph\":[{\"@type\":\"BreadcrumbList\",\"@id\":\"https:\\\/\\\/eldigitaldeasturias.com\\\/radio\\\/politica-de-privacidad\\\/#breadcrumblist\",\"itemListElement\":[{\"@type\":\"ListItem\",\"@id\":\"https:\\\/\\\/eldigitaldeasturias.com\\\/radio#listItem\",\"position\":1,\"name\":\"Inicio\",\"item\":\"https:\\\/\\\/eldigitaldeasturias.com\\\/radio\",\"nextItem\":{\"@type\":\"ListItem\",\"@id\":\"https:\\\/\\\/eldigitaldeasturias.com\\\/radio\\\/politica-de-privacidad\\\/#listItem\",\"name\":\"Pol\\u00edtica de Privacidad\"}},{\"@type\":\"ListItem\",\"@id\":\"https:\\\/\\\/eldigitaldeasturias.com\\\/radio\\\/politica-de-privacidad\\\/#listItem\",\"position\":2,\"name\":\"Pol\\u00edtica de Privacidad\",\"previousItem\":{\"@type\":\"ListItem\",\"@id\":\"https:\\\/\\\/eldigitaldeasturias.com\\\/radio#listItem\",\"name\":\"Inicio\"}}]},{\"@type\":\"Organization\",\"@id\":\"https:\\\/\\\/eldigitaldeasturias.com\\\/radio\\\/#organization\",\"name\":\"El digital de Asturias Radio\",\"description\":\"Diario de informaci\\u00f3n y noticias\",\"url\":\"https:\\\/\\\/eldigitaldeasturias.com\\\/radio\\\/\",\"telephone\":\"+34652131393\",\"logo\":{\"@type\":\"ImageObject\",\"url\":\"https:\\\/\\\/www.eldigitaldeasturias.com\\\/radio\\\/wp-content\\\/uploads\\\/2021\\\/03\\\/EDA.jpg\",\"@id\":\"https:\\\/\\\/eldigitaldeasturias.com\\\/radio\\\/politica-de-privacidad\\\/#organizationLogo\"},\"image\":{\"@id\":\"https:\\\/\\\/eldigitaldeasturias.com\\\/radio\\\/politica-de-privacidad\\\/#organizationLogo\"},\"sameAs\":[\"https:\\\/\\\/www.facebook.com\\\/\",\"https:\\\/\\\/x.com\\\/bercodi\",\"https:\\\/\\\/www.instagram.com\\\/\",\"https:\\\/\\\/www.youtube.com\\\/channel\\\/UCZP-2wLEB9Rv6erhFmqVnvg\"]},{\"@type\":\"WebPage\",\"@id\":\"https:\\\/\\\/eldigitaldeasturias.com\\\/radio\\\/politica-de-privacidad\\\/#webpage\",\"url\":\"https:\\\/\\\/eldigitaldeasturias.com\\\/radio\\\/politica-de-privacidad\\\/\",\"name\":\"Pol\\u00edtica de Privacidad | El Digital de Asturias\",\"description\":\"En cumplimiento de lo dispuesto en la Ley 15\\\/1.999, del 13 de diciembre, de Protecci\\u00f3n de Datos de Car\\u00e1cter Personal (en adelante, \\u201cLOPD\\u201d) y su normativa de desarrollo, le informamos que los datos que nos facilite con ocasi\\u00f3n de su registro en la web eldigitaldeasturias.com (en adelante el \\u201cPortal\\u201d), as\\u00ed como los derivados de la\",\"inLanguage\":\"es-ES\",\"isPartOf\":{\"@id\":\"https:\\\/\\\/eldigitaldeasturias.com\\\/radio\\\/#website\"},\"breadcrumb\":{\"@id\":\"https:\\\/\\\/eldigitaldeasturias.com\\\/radio\\\/politica-de-privacidad\\\/#breadcrumblist\"},\"datePublished\":\"2018-03-04T04:36:47+01:00\",\"dateModified\":\"2018-03-04T04:36:47+01:00\"},{\"@type\":\"WebSite\",\"@id\":\"https:\\\/\\\/eldigitaldeasturias.com\\\/radio\\\/#website\",\"url\":\"https:\\\/\\\/eldigitaldeasturias.com\\\/radio\\\/\",\"name\":\"El Digital de Asturias\",\"description\":\"Diario de informaci\\u00f3n y noticias\",\"inLanguage\":\"es-ES\",\"publisher\":{\"@id\":\"https:\\\/\\\/eldigitaldeasturias.com\\\/radio\\\/#organization\"}}]}\n\t\t<\/script>\n\t\t<!-- All in One SEO Pro -->\r\n\t\t<title>Pol\u00edtica de Privacidad | El Digital de Asturias<\/title>\n\n","aioseo_head_json":{"title":"Pol\u00edtica de Privacidad | El Digital de Asturias","description":"En cumplimiento de lo dispuesto en la Ley 15\/1.999, del 13 de diciembre, de Protecci\u00f3n de Datos de Car\u00e1cter Personal (en adelante, \u201cLOPD\u201d) y su normativa de desarrollo, le informamos que los datos que nos facilite con ocasi\u00f3n de su registro en la web eldigitaldeasturias.com (en adelante el \u201cPortal\u201d), as\u00ed como los derivados de la","canonical_url":"https:\/\/eldigitaldeasturias.com\/radio\/politica-de-privacidad\/","robots":"max-image-preview:large","keywords":"","webmasterTools":{"google-site-verification":"UA-38556648-1","miscellaneous":""},"schema":{"@context":"https:\/\/schema.org","@graph":[{"@type":"BreadcrumbList","@id":"https:\/\/eldigitaldeasturias.com\/radio\/politica-de-privacidad\/#breadcrumblist","itemListElement":[{"@type":"ListItem","@id":"https:\/\/eldigitaldeasturias.com\/radio#listItem","position":1,"name":"Inicio","item":"https:\/\/eldigitaldeasturias.com\/radio","nextItem":{"@type":"ListItem","@id":"https:\/\/eldigitaldeasturias.com\/radio\/politica-de-privacidad\/#listItem","name":"Pol\u00edtica de Privacidad"}},{"@type":"ListItem","@id":"https:\/\/eldigitaldeasturias.com\/radio\/politica-de-privacidad\/#listItem","position":2,"name":"Pol\u00edtica de Privacidad","previousItem":{"@type":"ListItem","@id":"https:\/\/eldigitaldeasturias.com\/radio#listItem","name":"Inicio"}}]},{"@type":"Organization","@id":"https:\/\/eldigitaldeasturias.com\/radio\/#organization","name":"El digital de Asturias Radio","description":"Diario de informaci\u00f3n y noticias","url":"https:\/\/eldigitaldeasturias.com\/radio\/","telephone":"+34652131393","logo":{"@type":"ImageObject","url":"https:\/\/www.eldigitaldeasturias.com\/radio\/wp-content\/uploads\/2021\/03\/EDA.jpg","@id":"https:\/\/eldigitaldeasturias.com\/radio\/politica-de-privacidad\/#organizationLogo"},"image":{"@id":"https:\/\/eldigitaldeasturias.com\/radio\/politica-de-privacidad\/#organizationLogo"},"sameAs":["https:\/\/www.facebook.com\/","https:\/\/x.com\/bercodi","https:\/\/www.instagram.com\/","https:\/\/www.youtube.com\/channel\/UCZP-2wLEB9Rv6erhFmqVnvg"]},{"@type":"WebPage","@id":"https:\/\/eldigitaldeasturias.com\/radio\/politica-de-privacidad\/#webpage","url":"https:\/\/eldigitaldeasturias.com\/radio\/politica-de-privacidad\/","name":"Pol\u00edtica de Privacidad | El Digital de Asturias","description":"En cumplimiento de lo dispuesto en la Ley 15\/1.999, del 13 de diciembre, de Protecci\u00f3n de Datos de Car\u00e1cter Personal (en adelante, \u201cLOPD\u201d) y su normativa de desarrollo, le informamos que los datos que nos facilite con ocasi\u00f3n de su registro en la web eldigitaldeasturias.com (en adelante el \u201cPortal\u201d), as\u00ed como los derivados de la","inLanguage":"es-ES","isPartOf":{"@id":"https:\/\/eldigitaldeasturias.com\/radio\/#website"},"breadcrumb":{"@id":"https:\/\/eldigitaldeasturias.com\/radio\/politica-de-privacidad\/#breadcrumblist"},"datePublished":"2018-03-04T04:36:47+01:00","dateModified":"2018-03-04T04:36:47+01:00"},{"@type":"WebSite","@id":"https:\/\/eldigitaldeasturias.com\/radio\/#website","url":"https:\/\/eldigitaldeasturias.com\/radio\/","name":"El Digital de Asturias","description":"Diario de informaci\u00f3n y noticias","inLanguage":"es-ES","publisher":{"@id":"https:\/\/eldigitaldeasturias.com\/radio\/#organization"}}]},"og:locale":"es_ES","og:site_name":"El Digital de Asturias | Diario de informaci\u00f3n y noticias","og:type":"article","og:title":"Pol\u00edtica de Privacidad | El Digital de Asturias","og:description":"En cumplimiento de lo dispuesto en la Ley 15\/1.999, del 13 de diciembre, de Protecci\u00f3n de Datos de Car\u00e1cter Personal (en adelante, \u201cLOPD\u201d) y su normativa de desarrollo, le informamos que los datos que nos facilite con ocasi\u00f3n de su registro en la web eldigitaldeasturias.com (en adelante el \u201cPortal\u201d), as\u00ed como los derivados de la","og:url":"https:\/\/eldigitaldeasturias.com\/radio\/politica-de-privacidad\/","og:image":"https:\/\/www.eldigitaldeasturias.com\/radio\/wp-content\/uploads\/2021\/03\/EDA.jpg","og:image:secure_url":"https:\/\/www.eldigitaldeasturias.com\/radio\/wp-content\/uploads\/2021\/03\/EDA.jpg","article:published_time":"2018-03-04T04:36:47+00:00","article:modified_time":"2018-03-04T04:36:47+00:00","twitter:card":"summary_large_image","twitter:site":"@bercodi","twitter:title":"Pol\u00edtica de Privacidad | El Digital de Asturias","twitter:description":"En cumplimiento de lo dispuesto en la Ley 15\/1.999, del 13 de diciembre, de Protecci\u00f3n de Datos de Car\u00e1cter Personal (en adelante, \u201cLOPD\u201d) y su normativa de desarrollo, le informamos que los datos que nos facilite con ocasi\u00f3n de su registro en la web eldigitaldeasturias.com (en adelante el \u201cPortal\u201d), as\u00ed como los derivados de la","twitter:creator":"@bercodi","twitter:image":"https:\/\/www.eldigitaldeasturias.com\/radio\/wp-content\/uploads\/2021\/03\/EDA.jpg"},"aioseo_meta_data":{"post_id":"165","title":null,"description":null,"keywords":null,"keyphrases":null,"primary_term":null,"canonical_url":null,"og_title":null,"og_description":null,"og_object_type":"default","og_image_type":"default","og_image_url":null,"og_image_width":null,"og_image_height":null,"og_image_custom_url":null,"og_image_custom_fields":null,"og_video":null,"og_custom_url":null,"og_article_section":null,"og_article_tags":null,"twitter_use_og":false,"twitter_card":"default","twitter_image_type":"default","twitter_image_url":null,"twitter_image_custom_url":null,"twitter_image_custom_fields":null,"twitter_title":null,"twitter_description":null,"schema":{"blockGraphs":[],"customGraphs":[],"default":{"data":{"Article":[],"Course":[],"Dataset":[],"FAQPage":[],"Movie":[],"Person":[],"Product":[],"ProductReview":[],"Car":[],"Recipe":[],"Service":[],"SoftwareApplication":[],"WebPage":[]},"graphName":"","isEnabled":true},"graphs":[],"defaultGraph":"","defaultPostTypeGraph":""},"schema_type":null,"schema_type_options":null,"pillar_content":false,"robots_default":true,"robots_noindex":false,"robots_noarchive":false,"robots_nosnippet":false,"robots_nofollow":false,"robots_noimageindex":false,"robots_noodp":false,"robots_notranslate":false,"robots_max_snippet":null,"robots_max_videopreview":null,"robots_max_imagepreview":"large","priority":null,"frequency":null,"location":null,"local_seo":null,"seo_analyzer_scan_date":"2025-08-29 00:58:20","breadcrumb_settings":null,"limit_modified_date":false,"open_ai":null,"ai":null,"created":"2021-03-25 10:24:20","updated":"2025-08-29 00:58:20"},"aioseo_breadcrumb":"<div class=\"aioseo-breadcrumbs\"><span class=\"aioseo-breadcrumb\">\n\t<a href=\"https:\/\/eldigitaldeasturias.com\/radio\" title=\"Inicio\">Inicio<\/a>\n<\/span><span class=\"aioseo-breadcrumb-separator\">&ndash;<\/span><span class=\"aioseo-breadcrumb\">\n\tPol\u00edtica de Privacidad\n<\/span><\/div>","aioseo_breadcrumb_json":[{"label":"Inicio","link":"https:\/\/eldigitaldeasturias.com\/radio"},{"label":"Pol\u00edtica de Privacidad","link":"https:\/\/eldigitaldeasturias.com\/radio\/politica-de-privacidad\/"}],"_links":{"self":[{"href":"https:\/\/eldigitaldeasturias.com\/radio\/wp-json\/wp\/v2\/pages\/165","targetHints":{"allow":["GET"]}}],"collection":[{"href":"https:\/\/eldigitaldeasturias.com\/radio\/wp-json\/wp\/v2\/pages"}],"about":[{"href":"https:\/\/eldigitaldeasturias.com\/radio\/wp-json\/wp\/v2\/types\/page"}],"author":[{"embeddable":true,"href":"https:\/\/eldigitaldeasturias.com\/radio\/wp-json\/wp\/v2\/users\/1"}],"replies":[{"embeddable":true,"href":"https:\/\/eldigitaldeasturias.com\/radio\/wp-json\/wp\/v2\/comments?post=165"}],"version-history":[{"count":0,"href":"https:\/\/eldigitaldeasturias.com\/radio\/wp-json\/wp\/v2\/pages\/165\/revisions"}],"wp:attachment":[{"href":"https:\/\/eldigitaldeasturias.com\/radio\/wp-json\/wp\/v2\/media?parent=165"}],"curies":[{"name":"wp","href":"https:\/\/api.w.org\/{rel}","templated":true}]}}