{"id":53239,"date":"2015-10-24T11:38:16","date_gmt":"2015-10-24T09:38:16","guid":{"rendered":"http:\/\/eldigitaldeasturias.com\/magazine365\/?page_id=53239"},"modified":"2016-09-11T14:36:02","modified_gmt":"2016-09-11T12:36:02","slug":"contacto-web","status":"publish","type":"page","link":"https:\/\/eldigitaldeasturias.com\/magazine365\/contacto-web\/","title":{"rendered":"Contacto web"},"content":{"rendered":"<p>Si desea comunicarse con nosotros puede hacerlo de las siguientes formas.<\/p>\n<p><strong>ATENCI\u00d3N AL USUARIO<\/strong><\/p>\n<p>Si usted es uno de nuestros lectores y desea hacernos llegar alg\u00fan comentario, opini\u00f3n o critica sobre nuestra publicaci\u00f3n o contenidos puede escribirnos a<\/p>\n<p>usuarios@eldigitaldeasturias.com<\/p>\n<p>Recuerde poner su nombre, e-mail o datos de contacto que usted considere necesarios para poder responderle, solemos hacerlo en un plazo no superior a 48 horas.<\/p>\n<p>NOTAS DE PRENSA NO COMERCIALES<\/p>\n<p>Si usted forma parte de un colectivo, asociaci\u00f3n, entidad deportiva o social, o formaci\u00f3n pol\u00edtica, y nos desea enviar un contenido para su publicaci\u00f3n en nuestro medio que NO SEA DE CAR\u00c1CTER COMERCIAL puede hacerlo escribiendo a<\/p>\n<p>Info@eldigitaldeasturias.com<\/p>\n<p>Recuerde poner su nombre, e-mail o datos de contacto que usted considere necesarios para poder responderle, solemos hacerlo en un plazo no superior a 48 horas.<\/p>\n<p>PUBLICIDAD \u2013 NOTAS DE PRENSA COMERCIALES<\/p>\n<p>Si usted desea pedirnos informaci\u00f3n o presupuesto, sobre nuestras tarifas comerciales para formar parte de nuestro medio como anunciante o mediante la publicaci\u00f3n de alg\u00fan contenido publicitario no dude en escribir a<\/p>\n<p>comercial@eldigitaldeasturias.com<\/p>\n<p>Recuerde poner su nombre, e-mail o datos de contacto que usted considere necesarios para poder responderle, solemos hacerlo en un plazo no superior a 48 horas.<\/p>\n<p>Para cualquier otro tema o asunto puede hacerlo a<\/p>\n<p>Info@eldigitaldeasturias.com<\/p>\n","protected":false},"excerpt":{"rendered":"<p>Si desea comunicarse con nosotros puede hacerlo de las siguientes formas. ATENCI\u00d3N AL USUARIO Si usted es uno de nuestros lectores y desea hacernos llegar alg\u00fan comentario, opini\u00f3n o critica sobre nuestra publicaci\u00f3n o contenidos puede escribirnos a usuarios@eldigitaldeasturias.com Recuerde poner su nombre, e-mail o datos de contacto que usted considere necesarios para poder responderle,<\/p>\n","protected":false},"author":1,"featured_media":0,"parent":0,"menu_order":0,"comment_status":"closed","ping_status":"closed","template":"","meta":{"footnotes":""},"class_list":["post-53239","page","type-page","status-publish"],"aioseo_notices":[],"aioseo_head":"\n\t\t<!-- All in One SEO Pro 4.9.5.2 - aioseo.com -->\n\t<meta name=\"description\" content=\"Si desea comunicarse con nosotros puede hacerlo de las siguientes formas. ATENCI\u00d3N AL USUARIO Si usted es uno de nuestros lectores y desea hacernos llegar alg\u00fan comentario, opini\u00f3n o critica sobre nuestra publicaci\u00f3n o contenidos puede escribirnos a usuarios@eldigitaldeasturias.com Recuerde poner su nombre, e-mail o datos de contacto que usted considere necesarios para poder responderle,\" \/>\n\t<meta name=\"robots\" content=\"max-image-preview:large\" \/>\n\t<meta name=\"google-site-verification\" content=\"UA-38556648-1\" \/>\n\t<link rel=\"canonical\" href=\"https:\/\/eldigitaldeasturias.com\/magazine365\/contacto-web\/\" \/>\n\t<meta name=\"generator\" content=\"All in One SEO Pro (AIOSEO) 4.9.5.2\" \/>\n\t\t<meta property=\"og:locale\" content=\"es_ES\" \/>\n\t\t<meta property=\"og:site_name\" content=\"El Digital de Asturias \u2013 Revista de ocio, turismo y estilo de vida\" \/>\n\t\t<meta property=\"og:type\" content=\"article\" \/>\n\t\t<meta property=\"og:title\" content=\"Contacto web \u2013 El Digital de Asturias\" \/>\n\t\t<meta property=\"og:description\" content=\"Si desea comunicarse con nosotros puede hacerlo de las siguientes formas. ATENCI\u00d3N AL USUARIO Si usted es uno de nuestros lectores y desea hacernos llegar alg\u00fan comentario, opini\u00f3n o critica sobre nuestra publicaci\u00f3n o contenidos puede escribirnos a usuarios@eldigitaldeasturias.com Recuerde poner su nombre, e-mail o datos de contacto que usted considere necesarios para poder responderle,\" \/>\n\t\t<meta property=\"og:url\" content=\"https:\/\/eldigitaldeasturias.com\/magazine365\/contacto-web\/\" \/>\n\t\t<meta property=\"og:image\" content=\"https:\/\/www.eldigitaldeasturias.com\/noticias\/wp-content\/uploads\/2020\/12\/EDA.jpg\" \/>\n\t\t<meta property=\"og:image:secure_url\" content=\"https:\/\/www.eldigitaldeasturias.com\/noticias\/wp-content\/uploads\/2020\/12\/EDA.jpg\" \/>\n\t\t<meta property=\"article:published_time\" content=\"2015-10-24T09:38:16+00:00\" \/>\n\t\t<meta property=\"article:modified_time\" content=\"2016-09-11T12:36:02+00:00\" \/>\n\t\t<meta name=\"twitter:card\" content=\"summary_large_image\" \/>\n\t\t<meta name=\"twitter:title\" content=\"Contacto web \u2013 El Digital de Asturias\" \/>\n\t\t<meta name=\"twitter:description\" content=\"Si desea comunicarse con nosotros puede hacerlo de las siguientes formas. ATENCI\u00d3N AL USUARIO Si usted es uno de nuestros lectores y desea hacernos llegar alg\u00fan comentario, opini\u00f3n o critica sobre nuestra publicaci\u00f3n o contenidos puede escribirnos a usuarios@eldigitaldeasturias.com Recuerde poner su nombre, e-mail o datos de contacto que usted considere necesarios para poder responderle,\" \/>\n\t\t<meta name=\"twitter:image\" content=\"https:\/\/www.eldigitaldeasturias.com\/noticias\/wp-content\/uploads\/2020\/12\/EDA.jpg\" \/>\n\t\t<script type=\"application\/ld+json\" class=\"aioseo-schema\">\n\t\t\t{\"@context\":\"https:\\\/\\\/schema.org\",\"@graph\":[{\"@type\":\"BreadcrumbList\",\"@id\":\"https:\\\/\\\/eldigitaldeasturias.com\\\/magazine365\\\/contacto-web\\\/#breadcrumblist\",\"itemListElement\":[{\"@type\":\"ListItem\",\"@id\":\"https:\\\/\\\/eldigitaldeasturias.com\\\/magazine365#listItem\",\"position\":1,\"name\":\"Home\",\"item\":\"https:\\\/\\\/eldigitaldeasturias.com\\\/magazine365\",\"nextItem\":{\"@type\":\"ListItem\",\"@id\":\"https:\\\/\\\/eldigitaldeasturias.com\\\/magazine365\\\/contacto-web\\\/#listItem\",\"name\":\"Contacto web\"}},{\"@type\":\"ListItem\",\"@id\":\"https:\\\/\\\/eldigitaldeasturias.com\\\/magazine365\\\/contacto-web\\\/#listItem\",\"position\":2,\"name\":\"Contacto web\",\"previousItem\":{\"@type\":\"ListItem\",\"@id\":\"https:\\\/\\\/eldigitaldeasturias.com\\\/magazine365#listItem\",\"name\":\"Home\"}}]},{\"@type\":\"Organization\",\"@id\":\"https:\\\/\\\/eldigitaldeasturias.com\\\/magazine365\\\/#organization\",\"name\":\"El digital de Asturias\",\"description\":\"Revista de ocio, turismo y estilo de vida\",\"url\":\"https:\\\/\\\/eldigitaldeasturias.com\\\/magazine365\\\/\",\"logo\":{\"@type\":\"ImageObject\",\"url\":\"https:\\\/\\\/www.eldigitaldeasturias.com\\\/noticias\\\/wp-content\\\/uploads\\\/2020\\\/12\\\/EDA.jpg\",\"@id\":\"https:\\\/\\\/eldigitaldeasturias.com\\\/magazine365\\\/contacto-web\\\/#organizationLogo\"},\"image\":{\"@id\":\"https:\\\/\\\/eldigitaldeasturias.com\\\/magazine365\\\/contacto-web\\\/#organizationLogo\"}},{\"@type\":\"WebPage\",\"@id\":\"https:\\\/\\\/eldigitaldeasturias.com\\\/magazine365\\\/contacto-web\\\/#webpage\",\"url\":\"https:\\\/\\\/eldigitaldeasturias.com\\\/magazine365\\\/contacto-web\\\/\",\"name\":\"Contacto web \\u2013 El Digital de Asturias\",\"description\":\"Si desea comunicarse con nosotros puede hacerlo de las siguientes formas. ATENCI\\u00d3N AL USUARIO Si usted es uno de nuestros lectores y desea hacernos llegar alg\\u00fan comentario, opini\\u00f3n o critica sobre nuestra publicaci\\u00f3n o contenidos puede escribirnos a usuarios@eldigitaldeasturias.com Recuerde poner su nombre, e-mail o datos de contacto que usted considere necesarios para poder responderle,\",\"inLanguage\":\"es-ES\",\"isPartOf\":{\"@id\":\"https:\\\/\\\/eldigitaldeasturias.com\\\/magazine365\\\/#website\"},\"breadcrumb\":{\"@id\":\"https:\\\/\\\/eldigitaldeasturias.com\\\/magazine365\\\/contacto-web\\\/#breadcrumblist\"},\"datePublished\":\"2015-10-24T11:38:16+02:00\",\"dateModified\":\"2016-09-11T14:36:02+02:00\"},{\"@type\":\"WebSite\",\"@id\":\"https:\\\/\\\/eldigitaldeasturias.com\\\/magazine365\\\/#website\",\"url\":\"https:\\\/\\\/eldigitaldeasturias.com\\\/magazine365\\\/\",\"name\":\"El Digital de Asturias\",\"description\":\"Revista de ocio, turismo y estilo de vida\",\"inLanguage\":\"es-ES\",\"publisher\":{\"@id\":\"https:\\\/\\\/eldigitaldeasturias.com\\\/magazine365\\\/#organization\"}}]}\n\t\t<\/script>\n\t\t<!-- All in One SEO Pro -->\r\n\t\t<title>Contacto web \u2013 El Digital de Asturias<\/title>\n\n","aioseo_head_json":{"title":"Contacto web \u2013 El Digital de Asturias","description":"Si desea comunicarse con nosotros puede hacerlo de las siguientes formas. ATENCI\u00d3N AL USUARIO Si usted es uno de nuestros lectores y desea hacernos llegar alg\u00fan comentario, opini\u00f3n o critica sobre nuestra publicaci\u00f3n o contenidos puede escribirnos a usuarios@eldigitaldeasturias.com Recuerde poner su nombre, e-mail o datos de contacto que usted considere necesarios para poder responderle,","canonical_url":"https:\/\/eldigitaldeasturias.com\/magazine365\/contacto-web\/","robots":"max-image-preview:large","keywords":"","webmasterTools":{"google-site-verification":"UA-38556648-1","miscellaneous":""},"schema":{"@context":"https:\/\/schema.org","@graph":[{"@type":"BreadcrumbList","@id":"https:\/\/eldigitaldeasturias.com\/magazine365\/contacto-web\/#breadcrumblist","itemListElement":[{"@type":"ListItem","@id":"https:\/\/eldigitaldeasturias.com\/magazine365#listItem","position":1,"name":"Home","item":"https:\/\/eldigitaldeasturias.com\/magazine365","nextItem":{"@type":"ListItem","@id":"https:\/\/eldigitaldeasturias.com\/magazine365\/contacto-web\/#listItem","name":"Contacto web"}},{"@type":"ListItem","@id":"https:\/\/eldigitaldeasturias.com\/magazine365\/contacto-web\/#listItem","position":2,"name":"Contacto web","previousItem":{"@type":"ListItem","@id":"https:\/\/eldigitaldeasturias.com\/magazine365#listItem","name":"Home"}}]},{"@type":"Organization","@id":"https:\/\/eldigitaldeasturias.com\/magazine365\/#organization","name":"El digital de Asturias","description":"Revista de ocio, turismo y estilo de vida","url":"https:\/\/eldigitaldeasturias.com\/magazine365\/","logo":{"@type":"ImageObject","url":"https:\/\/www.eldigitaldeasturias.com\/noticias\/wp-content\/uploads\/2020\/12\/EDA.jpg","@id":"https:\/\/eldigitaldeasturias.com\/magazine365\/contacto-web\/#organizationLogo"},"image":{"@id":"https:\/\/eldigitaldeasturias.com\/magazine365\/contacto-web\/#organizationLogo"}},{"@type":"WebPage","@id":"https:\/\/eldigitaldeasturias.com\/magazine365\/contacto-web\/#webpage","url":"https:\/\/eldigitaldeasturias.com\/magazine365\/contacto-web\/","name":"Contacto web \u2013 El Digital de Asturias","description":"Si desea comunicarse con nosotros puede hacerlo de las siguientes formas. ATENCI\u00d3N AL USUARIO Si usted es uno de nuestros lectores y desea hacernos llegar alg\u00fan comentario, opini\u00f3n o critica sobre nuestra publicaci\u00f3n o contenidos puede escribirnos a usuarios@eldigitaldeasturias.com Recuerde poner su nombre, e-mail o datos de contacto que usted considere necesarios para poder responderle,","inLanguage":"es-ES","isPartOf":{"@id":"https:\/\/eldigitaldeasturias.com\/magazine365\/#website"},"breadcrumb":{"@id":"https:\/\/eldigitaldeasturias.com\/magazine365\/contacto-web\/#breadcrumblist"},"datePublished":"2015-10-24T11:38:16+02:00","dateModified":"2016-09-11T14:36:02+02:00"},{"@type":"WebSite","@id":"https:\/\/eldigitaldeasturias.com\/magazine365\/#website","url":"https:\/\/eldigitaldeasturias.com\/magazine365\/","name":"El Digital de Asturias","description":"Revista de ocio, turismo y estilo de vida","inLanguage":"es-ES","publisher":{"@id":"https:\/\/eldigitaldeasturias.com\/magazine365\/#organization"}}]},"og:locale":"es_ES","og:site_name":"El Digital de Asturias \u2013 Revista de ocio, turismo y estilo de vida","og:type":"article","og:title":"Contacto web \u2013 El Digital de Asturias","og:description":"Si desea comunicarse con nosotros puede hacerlo de las siguientes formas. ATENCI\u00d3N AL USUARIO Si usted es uno de nuestros lectores y desea hacernos llegar alg\u00fan comentario, opini\u00f3n o critica sobre nuestra publicaci\u00f3n o contenidos puede escribirnos a usuarios@eldigitaldeasturias.com Recuerde poner su nombre, e-mail o datos de contacto que usted considere necesarios para poder responderle,","og:url":"https:\/\/eldigitaldeasturias.com\/magazine365\/contacto-web\/","og:image":"https:\/\/www.eldigitaldeasturias.com\/noticias\/wp-content\/uploads\/2020\/12\/EDA.jpg","og:image:secure_url":"https:\/\/www.eldigitaldeasturias.com\/noticias\/wp-content\/uploads\/2020\/12\/EDA.jpg","article:published_time":"2015-10-24T09:38:16+00:00","article:modified_time":"2016-09-11T12:36:02+00:00","twitter:card":"summary_large_image","twitter:title":"Contacto web \u2013 El Digital de Asturias","twitter:description":"Si desea comunicarse con nosotros puede hacerlo de las siguientes formas. ATENCI\u00d3N AL USUARIO Si usted es uno de nuestros lectores y desea hacernos llegar alg\u00fan comentario, opini\u00f3n o critica sobre nuestra publicaci\u00f3n o contenidos puede escribirnos a usuarios@eldigitaldeasturias.com Recuerde poner su nombre, e-mail o datos de contacto que usted considere necesarios para poder responderle,","twitter:image":"https:\/\/www.eldigitaldeasturias.com\/noticias\/wp-content\/uploads\/2020\/12\/EDA.jpg"},"aioseo_meta_data":{"post_id":"53239","title":null,"description":null,"keywords":null,"keyphrases":null,"primary_term":null,"canonical_url":null,"og_title":null,"og_description":null,"og_object_type":"default","og_image_type":"default","og_image_url":null,"og_image_width":null,"og_image_height":null,"og_image_custom_url":null,"og_image_custom_fields":null,"og_video":null,"og_custom_url":null,"og_article_section":null,"og_article_tags":null,"twitter_use_og":false,"twitter_card":"default","twitter_image_type":"default","twitter_image_url":null,"twitter_image_custom_url":null,"twitter_image_custom_fields":null,"twitter_title":null,"twitter_description":null,"schema":{"blockGraphs":[],"customGraphs":[],"default":{"data":{"Article":[],"Course":[],"Dataset":[],"FAQPage":[],"Movie":[],"Person":[],"Product":[],"ProductReview":[],"Car":[],"Recipe":[],"Service":[],"SoftwareApplication":[],"WebPage":[]},"graphName":"","isEnabled":true},"graphs":[]},"schema_type":null,"schema_type_options":null,"pillar_content":false,"robots_default":true,"robots_noindex":false,"robots_noarchive":false,"robots_nosnippet":false,"robots_nofollow":false,"robots_noimageindex":false,"robots_noodp":false,"robots_notranslate":false,"robots_max_snippet":null,"robots_max_videopreview":null,"robots_max_imagepreview":"large","priority":null,"frequency":null,"location":null,"local_seo":null,"seo_analyzer_scan_date":"2025-09-30 07:15:32","breadcrumb_settings":null,"limit_modified_date":false,"open_ai":null,"ai":null,"created":"2020-12-21 13:32:29","updated":"2025-09-30 07:15:32"},"aioseo_breadcrumb":"<div class=\"aioseo-breadcrumbs\"><span class=\"aioseo-breadcrumb\">\n\t<a href=\"https:\/\/eldigitaldeasturias.com\/magazine365\" title=\"Home\">Home<\/a>\n<\/span><span class=\"aioseo-breadcrumb-separator\">\u2013<\/span><span class=\"aioseo-breadcrumb\">\n\t<a href=\"https:\/\/eldigitaldeasturias.com\/magazine365\/contacto-web\/\" title=\"Contacto web\">Contacto web<\/a>\n<\/span><\/div>","aioseo_breadcrumb_json":[{"label":"Home","link":"https:\/\/eldigitaldeasturias.com\/magazine365"},{"label":"Contacto web","link":"https:\/\/eldigitaldeasturias.com\/magazine365\/contacto-web\/"}],"_links":{"self":[{"href":"https:\/\/eldigitaldeasturias.com\/magazine365\/wp-json\/wp\/v2\/pages\/53239","targetHints":{"allow":["GET"]}}],"collection":[{"href":"https:\/\/eldigitaldeasturias.com\/magazine365\/wp-json\/wp\/v2\/pages"}],"about":[{"href":"https:\/\/eldigitaldeasturias.com\/magazine365\/wp-json\/wp\/v2\/types\/page"}],"author":[{"embeddable":true,"href":"https:\/\/eldigitaldeasturias.com\/magazine365\/wp-json\/wp\/v2\/users\/1"}],"replies":[{"embeddable":true,"href":"https:\/\/eldigitaldeasturias.com\/magazine365\/wp-json\/wp\/v2\/comments?post=53239"}],"version-history":[{"count":0,"href":"https:\/\/eldigitaldeasturias.com\/magazine365\/wp-json\/wp\/v2\/pages\/53239\/revisions"}],"wp:attachment":[{"href":"https:\/\/eldigitaldeasturias.com\/magazine365\/wp-json\/wp\/v2\/media?parent=53239"}],"curies":[{"name":"wp","href":"https:\/\/api.w.org\/{rel}","templated":true}]}}